{"id":1754,"date":"2025-08-27T15:44:38","date_gmt":"2025-08-27T15:44:38","guid":{"rendered":"https:\/\/listaiptvportugal.shop\/?page_id=1754"},"modified":"2025-08-27T16:06:02","modified_gmt":"2025-08-27T16:06:02","slug":"dmca","status":"publish","type":"page","link":"https:\/\/listaiptvportugal.shop\/en\/dmca\/","title":{"rendered":"DMCA"},"content":{"rendered":"<h4 class=\"wp-block-heading\">Aviso DMCA<\/h4>\n\n\n\n<p class=\"\">O <strong>Lista IPTV Portugal<\/strong> respeita os direitos de propriedade intelectual de terceiros e espera que os seus utilizadores fa\u00e7am o mesmo.<\/p>\n\n\n\n<p class=\"\">Se acredita que qualquer conte\u00fado no nosso site viola os seus direitos de autor, poder\u00e1 enviar-nos uma notifica\u00e7\u00e3o de acordo com o Digital Millennium Copyright Act (\u201cDMCA\u201d). Ap\u00f3s a rece\u00e7\u00e3o de uma notifica\u00e7\u00e3o v\u00e1lida, removeremos ou desativaremos o acesso ao material alegadamente infrator, conforme exigido por lei.<\/p>\n\n\n\n<h5 class=\"wp-block-heading\">Como Enviar uma Notifica\u00e7\u00e3o DMCA<\/h5>\n\n\n\n<p class=\"\">A sua notifica\u00e7\u00e3o escrita deve incluir as seguintes informa\u00e7\u00f5es (conforme exigido pela Sec\u00e7\u00e3o 512 do 17 U.S.C.):<\/p>\n\n\n\n<ol class=\"wp-block-list\">\n<li class=\"\"><strong>Identifica\u00e7\u00e3o da obra protegida por direitos de autor<\/strong> que alega ter sido infringida.<\/li>\n\n\n\n<li class=\"\"><strong>Identifica\u00e7\u00e3o do material<\/strong> alegadamente em infra\u00e7\u00e3o e que deve ser removido ou desativado, incluindo informa\u00e7\u00f5es suficientes para localizarmos o conte\u00fado.<\/li>\n\n\n\n<li class=\"\"><strong>As suas informa\u00e7\u00f5es de contacto<\/strong>, como morada, n\u00famero de telefone e um endere\u00e7o de email v\u00e1lido.<\/li>\n\n\n\n<li class=\"\">Uma declara\u00e7\u00e3o de que tem uma <strong>cren\u00e7a de boa-f\u00e9<\/strong> de que a utiliza\u00e7\u00e3o do material, na forma reclamada, n\u00e3o est\u00e1 autorizada pelo titular dos direitos de autor, pelo seu agente ou pela lei.<\/li>\n\n\n\n<li class=\"\">Uma declara\u00e7\u00e3o de que as informa\u00e7\u00f5es na notifica\u00e7\u00e3o s\u00e3o exatas e, sob pena de perj\u00fario, que est\u00e1 autorizado a agir em nome do titular dos direitos de autor.<\/li>\n\n\n\n<li class=\"\">A sua <strong>assinatura f\u00edsica ou eletr\u00f3nica<\/strong>.<\/li>\n<\/ol>\n\n\n\n<h5 class=\"wp-block-heading\">Enviar Notifica\u00e7\u00f5es DMCA Para<\/h5>\n\n\n\n<p class=\"\"><strong>Email:<\/strong> inassbrada83@gmail.com<br><strong>Assunto:<\/strong> Notifica\u00e7\u00e3o DMCA \u2013 Lista IPTV Portugal<\/p>\n\n\n\n<hr class=\"wp-block-separator has-alpha-channel-opacity\"\/>\n\n\n\n<p class=\"\">\u26a0\ufe0f <em>Importante<\/em>: O <strong>Lista IPTV Portugal<\/strong> n\u00e3o aloja qualquer conte\u00fado protegido por direitos de autor nos seus servidores. Apenas fornecemos informa\u00e7\u00f5es e links que j\u00e1 se encontram dispon\u00edveis publicamente na internet. Caso seja titular de direitos de autor e acredite que os seus direitos est\u00e3o a ser infringidos, contacte-nos e tomaremos as medidas necess\u00e1rias.<\/p>\n\n\n\n<hr class=\"wp-block-separator has-alpha-channel-opacity\"\/>","protected":false},"excerpt":{"rendered":"<p>Aviso DMCA O Lista IPTV Portugal respeita os direitos de propriedade intelectual de terceiros e espera que os seus utilizadores fa\u00e7am o mesmo. Se acredita que qualquer conte\u00fado no nosso site viola os seus direitos de autor, poder\u00e1 enviar-nos uma notifica\u00e7\u00e3o de acordo com o Digital Millennium Copyright Act (\u201cDMCA\u201d). Ap\u00f3s a rece\u00e7\u00e3o de uma [&hellip;]<\/p>\n","protected":false},"author":4,"featured_media":0,"parent":0,"menu_order":0,"comment_status":"closed","ping_status":"closed","template":"","meta":{"nf_dc_page":"","om_disable_all_campaigns":false,"_monsterinsights_skip_tracking":false,"_monsterinsights_sitenote_active":false,"_monsterinsights_sitenote_note":"","_monsterinsights_sitenote_category":0,"site-sidebar-layout":"default","site-content-layout":"","ast-site-content-layout":"default","site-content-style":"default","site-sidebar-style":"default","ast-global-header-display":"","ast-banner-title-visibility":"","ast-main-header-display":"","ast-hfb-above-header-display":"","ast-hfb-below-header-display":"","ast-hfb-mobile-header-display":"","site-post-title":"","ast-breadcrumbs-content":"","ast-featured-img":"","footer-sml-layout":"","ast-disable-related-posts":"","theme-transparent-header-meta":"","adv-header-id-meta":"","stick-header-meta":"","header-above-stick-meta":"","header-main-stick-meta":"","header-below-stick-meta":"","astra-migrate-meta-layouts":"set","ast-page-background-enabled":"default","ast-page-background-meta":{"desktop":{"background-color":"","background-image":"","background-repeat":"repeat","background-position":"center center","background-size":"auto","background-attachment":"scroll","background-type":"","background-media":"","overlay-type":"","overlay-color":"","overlay-opacity":"","overlay-gradient":""},"tablet":{"background-color":"","background-image":"","background-repeat":"repeat","background-position":"center center","background-size":"auto","background-attachment":"scroll","background-type":"","background-media":"","overlay-type":"","overlay-color":"","overlay-opacity":"","overlay-gradient":""},"mobile":{"background-color":"","background-image":"","background-repeat":"repeat","background-position":"center center","background-size":"auto","background-attachment":"scroll","background-type":"","background-media":"","overlay-type":"","overlay-color":"","overlay-opacity":"","overlay-gradient":""}},"ast-content-background-meta":{"desktop":{"background-color":"var(--ast-global-color-5)","background-image":"","background-repeat":"repeat","background-position":"center center","background-size":"auto","background-attachment":"scroll","background-type":"","background-media":"","overlay-type":"","overlay-color":"","overlay-opacity":"","overlay-gradient":""},"tablet":{"background-color":"var(--ast-global-color-5)","background-image":"","background-repeat":"repeat","background-position":"center center","background-size":"auto","background-attachment":"scroll","background-type":"","background-media":"","overlay-type":"","overlay-color":"","overlay-opacity":"","overlay-gradient":""},"mobile":{"background-color":"var(--ast-global-color-5)","background-image":"","background-repeat":"repeat","background-position":"center center","background-size":"auto","background-attachment":"scroll","background-type":"","background-media":"","overlay-type":"","overlay-color":"","overlay-opacity":"","overlay-gradient":""}},"footnotes":""},"class_list":["post-1754","page","type-page","status-publish","hentry"],"jetpack_sharing_enabled":true,"_links":{"self":[{"href":"https:\/\/listaiptvportugal.shop\/en\/wp-json\/wp\/v2\/pages\/1754","targetHints":{"allow":["GET"]}}],"collection":[{"href":"https:\/\/listaiptvportugal.shop\/en\/wp-json\/wp\/v2\/pages"}],"about":[{"href":"https:\/\/listaiptvportugal.shop\/en\/wp-json\/wp\/v2\/types\/page"}],"author":[{"embeddable":true,"href":"https:\/\/listaiptvportugal.shop\/en\/wp-json\/wp\/v2\/users\/4"}],"replies":[{"embeddable":true,"href":"https:\/\/listaiptvportugal.shop\/en\/wp-json\/wp\/v2\/comments?post=1754"}],"version-history":[{"count":3,"href":"https:\/\/listaiptvportugal.shop\/en\/wp-json\/wp\/v2\/pages\/1754\/revisions"}],"predecessor-version":[{"id":1759,"href":"https:\/\/listaiptvportugal.shop\/en\/wp-json\/wp\/v2\/pages\/1754\/revisions\/1759"}],"wp:attachment":[{"href":"https:\/\/listaiptvportugal.shop\/en\/wp-json\/wp\/v2\/media?parent=1754"}],"curies":[{"name":"wp","href":"https:\/\/api.w.org\/{rel}","templated":true}]}}