{"id":1440,"date":"2025-08-03T14:36:17","date_gmt":"2025-08-03T14:36:17","guid":{"rendered":"https:\/\/alz.usd.mybluehost.me\/website_98bc84ac\/?page_id=1440"},"modified":"2025-08-16T01:06:41","modified_gmt":"2025-08-16T01:06:41","slug":"termos-e-condicoes","status":"publish","type":"page","link":"https:\/\/listaiptvportugal.shop\/en\/termos-e-condicoes\/","title":{"rendered":"Termos e Condi\u00e7\u00f5es"},"content":{"rendered":"<div data-elementor-type=\"wp-page\" data-elementor-id=\"1440\" class=\"elementor elementor-1440\" data-elementor-post-type=\"page\">\n\t\t\t\t<div class=\"elementor-element elementor-element-ca088cb e-flex e-con-boxed e-con e-parent\" data-id=\"ca088cb\" data-element_type=\"container\" data-e-type=\"container\" data-settings=\"{&quot;background_background&quot;:&quot;classic&quot;}\">\n\t\t\t\t\t<div class=\"e-con-inner\">\n\t\t\t\t<div class=\"elementor-element elementor-element-fbc5983 elementor-widget elementor-widget-heading\" data-id=\"fbc5983\" data-element_type=\"widget\" data-e-type=\"widget\" data-widget_type=\"heading.default\">\n\t\t\t\t\t<h2 class=\"elementor-heading-title elementor-size-default\">Termos e Condi\u00e7\u00f5es\n<\/h2>\t\t\t\t<\/div>\n\t\t\t\t\t<\/div>\n\t\t\t\t<\/div>\n\t\t<div class=\"elementor-element elementor-element-549f75e e-flex e-con-boxed e-con e-parent\" data-id=\"549f75e\" data-element_type=\"container\" data-e-type=\"container\">\n\t\t\t\t\t<div class=\"e-con-inner\">\n\t\t\t\t<div class=\"elementor-element elementor-element-15eeb56 elementor-widget elementor-widget-text-editor\" data-id=\"15eeb56\" data-element_type=\"widget\" data-e-type=\"widget\" data-widget_type=\"text-editor.default\">\n\t\t\t\t\t\t\t\t\t<h4 data-start=\"144\" data-end=\"169\"><strong data-start=\"147\" data-end=\"169\">Termos e Condi\u00e7\u00f5es<\/strong><\/h4><p data-start=\"171\" data-end=\"367\">Bem-vindo \u00e0\u00a0<strong data-start=\"183\" data-end=\"197\">Lista IPTV<\/strong>. Ao aceder ou utilizar os nossos servi\u00e7os IPTV, est\u00e1 a concordar com estes Termos e Condi\u00e7\u00f5es, bem como com a nossa Pol\u00edtica de Privacidade. Por favor, leia atentamente.<\/p><h5 data-start=\"369\" data-end=\"401\"><strong data-start=\"373\" data-end=\"401\">1. Utiliza\u00e7\u00e3o do Servi\u00e7o<\/strong><\/h5><p data-start=\"402\" data-end=\"631\">O nosso servi\u00e7o IPTV \u00e9 destinado apenas para\u00a0<strong data-start=\"447\" data-end=\"478\">uso pessoal e n\u00e3o comercial<\/strong>. O utilizador compromete-se a\u00a0<strong data-start=\"509\" data-end=\"559\">n\u00e3o utilizar o servi\u00e7o para atividades ilegais<\/strong>, incluindo a viola\u00e7\u00e3o de direitos de autor ou streaming n\u00e3o autorizado.<\/p><p data-start=\"633\" data-end=\"810\">\u00c9 obrigat\u00f3rio o cumprimento de todas as\u00a0<strong data-start=\"673\" data-end=\"708\">leis e regulamentos portugueses<\/strong>, e o utilizador compromete-se a\u00a0<strong data-start=\"741\" data-end=\"759\">n\u00e3o interferir<\/strong>\u00a0com o desempenho ou seguran\u00e7a dos nossos servi\u00e7os.<\/p><h5 data-start=\"812\" data-end=\"845\"><strong data-start=\"816\" data-end=\"845\">2. Pagamento e Subscri\u00e7\u00e3o<\/strong><\/h5><p data-start=\"846\" data-end=\"1057\">Todos os utilizadores devem pagar as taxas associadas ao plano escolhido, incluindo os impostos aplic\u00e1veis. Oferecemos v\u00e1rias op\u00e7\u00f5es de subscri\u00e7\u00e3o, incluindo planos com\u00a0<strong data-start=\"1015\" data-end=\"1056\">1, 2, 3 ou 4 conex\u00f5es de dispositivos<\/strong>.<\/p><p data-start=\"1059\" data-end=\"1240\">O pagamento deve ser efetuado na totalidade para ativar ou renovar o servi\u00e7o. Reservamo-nos o direito de modificar os pre\u00e7os ou funcionalidades a qualquer momento, sem aviso pr\u00e9vio.<\/p><h5 data-start=\"1242\" data-end=\"1297\"><strong data-start=\"1246\" data-end=\"1297\">3. Per\u00edodo Experimental e Pol\u00edtica de Reembolso<\/strong><\/h5><p data-start=\"1298\" data-end=\"1464\">Poder\u00e1 ser oferecido\u00a0<strong data-start=\"1319\" data-end=\"1355\">um per\u00edodo experimental gratuito<\/strong>, durante o qual pode testar o nosso servi\u00e7o. Ap\u00f3s o per\u00edodo experimental, ser\u00e1 cobrada a taxa de subscri\u00e7\u00e3o.<\/p><p data-start=\"1466\" data-end=\"1581\">Aten\u00e7\u00e3o: devido \u00e0\u00a0<strong data-start=\"1484\" data-end=\"1504\">natureza digital<\/strong>\u00a0do servi\u00e7o,\u00a0<strong data-start=\"1517\" data-end=\"1550\">n\u00e3o s\u00e3o realizados reembolsos<\/strong>\u00a0ap\u00f3s a ativa\u00e7\u00e3o da subscri\u00e7\u00e3o.<\/p><h5 data-start=\"1583\" data-end=\"1652\"><strong data-start=\"1587\" data-end=\"1652\">4. Disponibilidade do Servi\u00e7o e Limita\u00e7\u00e3o de Responsabilidade<\/strong><\/h5><p data-start=\"1653\" data-end=\"1822\">Esfor\u00e7amo-nos para oferecer um servi\u00e7o IPTV fi\u00e1vel, no entanto,\u00a0<strong data-start=\"1717\" data-end=\"1756\">n\u00e3o garantimos servi\u00e7o ininterrupto<\/strong>, devido a poss\u00edveis problemas de rede ou limita\u00e7\u00f5es de terceiros.<\/p><p data-start=\"1824\" data-end=\"1971\">A\u00a0<strong data-start=\"1826\" data-end=\"1862\">Lista IPTV n\u00e3o se responsabiliza<\/strong>\u00a0por perdas, interrup\u00e7\u00f5es ou danos indiretos resultantes da utiliza\u00e7\u00e3o ou incapacidade de utilizar o servi\u00e7o.<\/p><h5 data-start=\"1973\" data-end=\"1996\"><strong data-start=\"1977\" data-end=\"1996\">5. Indemniza\u00e7\u00e3o<\/strong><\/h5><p data-start=\"1997\" data-end=\"2228\">O utilizador compromete-se a indemnizar e isentar a Lista IPTV e os seus operadores de quaisquer reclama\u00e7\u00f5es legais, danos ou custos (incluindo honor\u00e1rios legais) resultantes do uso indevido do servi\u00e7o ou da viola\u00e7\u00e3o destes termos.<\/p><h5 data-start=\"2230\" data-end=\"2249\"><strong data-start=\"2234\" data-end=\"2249\">6. Rescis\u00e3o<\/strong><\/h5><p data-start=\"2250\" data-end=\"2431\">Reservamo-nos o direito de suspender ou encerrar o acesso\u00a0<strong data-start=\"2308\" data-end=\"2328\">sem aviso pr\u00e9vio<\/strong>\u00a0se houver viola\u00e7\u00e3o destes Termos, uso abusivo do servi\u00e7o ou envolvimento em qualquer atividade ilegal.<\/p><p data-start=\"2433\" data-end=\"2541\">A rescis\u00e3o n\u00e3o d\u00e1 direito a reembolso. O acesso tamb\u00e9m pode ser removido se for detetada atividade suspeita.<\/p><h5 data-start=\"2543\" data-end=\"2575\"><strong data-start=\"2547\" data-end=\"2575\">7. Altera\u00e7\u00f5es aos Termos<\/strong><\/h5><p data-start=\"2576\" data-end=\"2758\">Estes Termos e Condi\u00e7\u00f5es podem ser atualizados a qualquer momento. As altera\u00e7\u00f5es ser\u00e3o publicadas nesta p\u00e1gina e o uso cont\u00ednuo do servi\u00e7o implica a aceita\u00e7\u00e3o dos termos atualizados.<\/p>\t\t\t\t\t\t\t\t<\/div>\n\t\t\t\t\t<\/div>\n\t\t\t\t<\/div>\n\t\t<div class=\"elementor-element elementor-element-588dcc5 e-flex e-con-boxed e-con e-parent\" data-id=\"588dcc5\" data-element_type=\"container\" data-e-type=\"container\">\n\t\t\t\t\t<div class=\"e-con-inner\">\n\t\t\t\t<div class=\"elementor-element elementor-element-e46864d elementor-widget elementor-widget-spacer\" data-id=\"e46864d\" data-element_type=\"widget\" data-e-type=\"widget\" data-widget_type=\"spacer.default\">\n\t\t\t\t\t\t\t<div class=\"elementor-spacer\">\n\t\t\t<div class=\"elementor-spacer-inner\"><\/div>\n\t\t<\/div>\n\t\t\t\t\t\t<\/div>\n\t\t\t\t\t<\/div>\n\t\t\t\t<\/div>\n\t\t\t\t<\/div>","protected":false},"excerpt":{"rendered":"<p>Termos e Condi\u00e7\u00f5es Termos e Condi\u00e7\u00f5es Bem-vindo \u00e0\u00a0Lista IPTV. Ao aceder ou utilizar os nossos servi\u00e7os IPTV, est\u00e1 a concordar com estes Termos e Condi\u00e7\u00f5es, bem como com a nossa Pol\u00edtica de Privacidade. Por favor, leia atentamente. 1. Utiliza\u00e7\u00e3o do Servi\u00e7o O nosso servi\u00e7o IPTV \u00e9 destinado apenas para\u00a0uso pessoal e n\u00e3o comercial. O utilizador [&hellip;]<\/p>\n","protected":false},"author":1,"featured_media":0,"parent":0,"menu_order":0,"comment_status":"closed","ping_status":"closed","template":"","meta":{"nf_dc_page":"","om_disable_all_campaigns":false,"_monsterinsights_skip_tracking":false,"_monsterinsights_sitenote_active":false,"_monsterinsights_sitenote_note":"","_monsterinsights_sitenote_category":0,"site-sidebar-layout":"no-sidebar","site-content-layout":"page-builder","ast-site-content-layout":"full-width-container","site-content-style":"default","site-sidebar-style":"default","ast-global-header-display":"","ast-banner-title-visibility":"","ast-main-header-display":"","ast-hfb-above-header-display":"","ast-hfb-below-header-display":"","ast-hfb-mobile-header-display":"","site-post-title":"","ast-breadcrumbs-content":"","ast-featured-img":"disabled","footer-sml-layout":"","ast-disable-related-posts":"","theme-transparent-header-meta":"","adv-header-id-meta":"","stick-header-meta":"","header-above-stick-meta":"","header-main-stick-meta":"","header-below-stick-meta":"","astra-migrate-meta-layouts":"set","ast-page-background-enabled":"default","ast-page-background-meta":{"desktop":{"background-color":"","background-image":"","background-repeat":"repeat","background-position":"center center","background-size":"auto","background-attachment":"scroll","background-type":"","background-media":"","overlay-type":"","overlay-color":"","overlay-opacity":"","overlay-gradient":""},"tablet":{"background-color":"","background-image":"","background-repeat":"repeat","background-position":"center center","background-size":"auto","background-attachment":"scroll","background-type":"","background-media":"","overlay-type":"","overlay-color":"","overlay-opacity":"","overlay-gradient":""},"mobile":{"background-color":"","background-image":"","background-repeat":"repeat","background-position":"center center","background-size":"auto","background-attachment":"scroll","background-type":"","background-media":"","overlay-type":"","overlay-color":"","overlay-opacity":"","overlay-gradient":""}},"ast-content-background-meta":{"desktop":{"background-color":"var(--ast-global-color-5)","background-image":"","background-repeat":"repeat","background-position":"center center","background-size":"auto","background-attachment":"scroll","background-type":"","background-media":"","overlay-type":"","overlay-color":"","overlay-opacity":"","overlay-gradient":""},"tablet":{"background-color":"var(--ast-global-color-5)","background-image":"","background-repeat":"repeat","background-position":"center center","background-size":"auto","background-attachment":"scroll","background-type":"","background-media":"","overlay-type":"","overlay-color":"","overlay-opacity":"","overlay-gradient":""},"mobile":{"background-color":"var(--ast-global-color-5)","background-image":"","background-repeat":"repeat","background-position":"center center","background-size":"auto","background-attachment":"scroll","background-type":"","background-media":"","overlay-type":"","overlay-color":"","overlay-opacity":"","overlay-gradient":""}},"footnotes":""},"class_list":["post-1440","page","type-page","status-publish","hentry"],"jetpack_sharing_enabled":true,"_links":{"self":[{"href":"https:\/\/listaiptvportugal.shop\/en\/wp-json\/wp\/v2\/pages\/1440","targetHints":{"allow":["GET"]}}],"collection":[{"href":"https:\/\/listaiptvportugal.shop\/en\/wp-json\/wp\/v2\/pages"}],"about":[{"href":"https:\/\/listaiptvportugal.shop\/en\/wp-json\/wp\/v2\/types\/page"}],"author":[{"embeddable":true,"href":"https:\/\/listaiptvportugal.shop\/en\/wp-json\/wp\/v2\/users\/1"}],"replies":[{"embeddable":true,"href":"https:\/\/listaiptvportugal.shop\/en\/wp-json\/wp\/v2\/comments?post=1440"}],"version-history":[{"count":10,"href":"https:\/\/listaiptvportugal.shop\/en\/wp-json\/wp\/v2\/pages\/1440\/revisions"}],"predecessor-version":[{"id":1637,"href":"https:\/\/listaiptvportugal.shop\/en\/wp-json\/wp\/v2\/pages\/1440\/revisions\/1637"}],"wp:attachment":[{"href":"https:\/\/listaiptvportugal.shop\/en\/wp-json\/wp\/v2\/media?parent=1440"}],"curies":[{"name":"wp","href":"https:\/\/api.w.org\/{rel}","templated":true}]}}