{"id":1438,"date":"2025-08-03T14:34:57","date_gmt":"2025-08-03T14:34:57","guid":{"rendered":"https:\/\/alz.usd.mybluehost.me\/website_98bc84ac\/?page_id=1438"},"modified":"2025-08-16T01:07:43","modified_gmt":"2025-08-16T01:07:43","slug":"politica-de-reembolso","status":"publish","type":"page","link":"https:\/\/listaiptvportugal.shop\/en\/politica-de-reembolso\/","title":{"rendered":"Pol\u00edtica de Reembolso"},"content":{"rendered":"<div data-elementor-type=\"wp-page\" data-elementor-id=\"1438\" class=\"elementor elementor-1438\" data-elementor-post-type=\"page\">\n\t\t\t\t<div class=\"elementor-element elementor-element-5e3cb4a e-flex e-con-boxed e-con e-parent\" data-id=\"5e3cb4a\" data-element_type=\"container\" data-e-type=\"container\" data-settings=\"{&quot;background_background&quot;:&quot;classic&quot;}\">\n\t\t\t\t\t<div class=\"e-con-inner\">\n\t\t\t\t<div class=\"elementor-element elementor-element-9ed32f1 elementor-widget elementor-widget-heading\" data-id=\"9ed32f1\" data-element_type=\"widget\" data-e-type=\"widget\" data-widget_type=\"heading.default\">\n\t\t\t\t\t<h2 class=\"elementor-heading-title elementor-size-default\">Pol\u00edtica de Reembolso\n<\/h2>\t\t\t\t<\/div>\n\t\t\t\t\t<\/div>\n\t\t\t\t<\/div>\n\t\t<div class=\"elementor-element elementor-element-18b9dfc e-flex e-con-boxed e-con e-parent\" data-id=\"18b9dfc\" data-element_type=\"container\" data-e-type=\"container\">\n\t\t\t\t\t<div class=\"e-con-inner\">\n\t\t\t\t<div class=\"elementor-element elementor-element-6679398 elementor-widget elementor-widget-text-editor\" data-id=\"6679398\" data-element_type=\"widget\" data-e-type=\"widget\" data-widget_type=\"text-editor.default\">\n\t\t\t\t\t\t\t\t\t<h4 data-start=\"201\" data-end=\"235\"><strong data-start=\"205\" data-end=\"235\">Pol\u00edtica de Reembolso IPTV<\/strong><\/h4><h5 data-start=\"237\" data-end=\"301\"><strong data-start=\"241\" data-end=\"301\">Nossa Garantia de Reembolso de 7 Dias para Servi\u00e7os IPTV<\/strong><\/h5><p data-start=\"303\" data-end=\"659\">Na\u00a0<strong data-start=\"306\" data-end=\"334\">Lista IPTV IPTV Portugal<\/strong>, estamos comprometidos em oferecer o melhor servi\u00e7o de IPTV e garantir a sua satisfa\u00e7\u00e3o. Se, por qualquer motivo, voc\u00ea n\u00e3o estiver completamente satisfeito com a sua assinatura IPTV, oferecemos uma\u00a0<strong data-start=\"533\" data-end=\"568\">garantia de reembolso de 7 dias<\/strong>. Por favor, leia atentamente esta pol\u00edtica para entender os termos e condi\u00e7\u00f5es aplic\u00e1veis.<\/p><hr data-start=\"661\" data-end=\"664\" \/><h5 data-start=\"666\" data-end=\"704\"><strong data-start=\"670\" data-end=\"704\">Per\u00edodo de Reembolso de 7 Dias<\/strong><\/h5><p data-start=\"706\" data-end=\"890\">Oferecemos um per\u00edodo de reembolso de\u00a0<strong data-start=\"744\" data-end=\"754\">7 dias<\/strong>\u00a0a partir da data da compra. Se voc\u00ea n\u00e3o estiver satisfeito com nossos servi\u00e7os dentro desse prazo, tem direito a solicitar o reembolso.<\/p><hr data-start=\"892\" data-end=\"895\" \/><h5 data-start=\"897\" data-end=\"933\"><strong data-start=\"901\" data-end=\"933\">Elegibilidade para Reembolso<\/strong><\/h5><p data-start=\"935\" data-end=\"1010\">Para ser eleg\u00edvel ao reembolso, as seguintes condi\u00e7\u00f5es devem ser cumpridas:<\/p><ul data-start=\"1012\" data-end=\"1248\"><li data-start=\"1012\" data-end=\"1081\"><p data-start=\"1014\" data-end=\"1081\">O pedido de reembolso deve ser feito dentro do per\u00edodo de 7 dias.<\/p><\/li><li data-start=\"1082\" data-end=\"1173\"><p data-start=\"1084\" data-end=\"1173\">A sua conta deve estar em situa\u00e7\u00e3o regular, sem viola\u00e7\u00f5es aos nossos termos de servi\u00e7o.<\/p><\/li><li data-start=\"1174\" data-end=\"1248\"><p data-start=\"1176\" data-end=\"1248\">\u00c9 necess\u00e1rio apresentar um\u00a0<strong data-start=\"1203\" data-end=\"1220\">motivo v\u00e1lido<\/strong>\u00a0para o pedido de reembolso.<\/p><\/li><\/ul><hr data-start=\"1250\" data-end=\"1253\" \/><h5 data-start=\"1255\" data-end=\"1290\"><strong data-start=\"1259\" data-end=\"1290\">Como Solicitar um Reembolso<\/strong><\/h5><p data-start=\"1292\" data-end=\"1342\">Para solicitar o reembolso, siga os passos abaixo:<\/p><ol data-start=\"1344\" data-end=\"1612\"><li data-start=\"1344\" data-end=\"1437\"><p data-start=\"1347\" data-end=\"1437\">Entre em contato com a nossa equipa de suporte pelo e-mail:\u00a0<strong data-start=\"1407\" data-end=\"1434\"><a class=\"cursor-pointer\" rel=\"noopener\" data-start=\"1409\" data-end=\"1432\">Contact.ipttv@gmail.com<\/a><\/strong>.<\/p><\/li><li data-start=\"1438\" data-end=\"1507\"><p data-start=\"1441\" data-end=\"1507\">Forne\u00e7a os dados da sua conta e o motivo do pedido de reembolso.<\/p><\/li><li data-start=\"1508\" data-end=\"1612\"><p data-start=\"1511\" data-end=\"1612\">A nossa equipa ir\u00e1 analisar o pedido e, se os crit\u00e9rios forem atendidos, o reembolso ser\u00e1 processado.<\/p><\/li><\/ol><hr data-start=\"1614\" data-end=\"1617\" \/><h5 data-start=\"1619\" data-end=\"1648\"><strong data-start=\"1623\" data-end=\"1648\">Processo de Reembolso<\/strong><\/h5><p data-start=\"1650\" data-end=\"1835\">Uma vez aprovado o seu pedido, o reembolso ser\u00e1 efetuado para o\u00a0<strong data-start=\"1714\" data-end=\"1746\">m\u00e9todo de pagamento original<\/strong>\u00a0utilizado na compra. Por favor, aguarde alguns dias \u00fateis para o processamento completo.<\/p><hr data-start=\"1837\" data-end=\"1840\" \/><h5 data-start=\"1842\" data-end=\"1873\"><strong data-start=\"1846\" data-end=\"1873\">Itens N\u00e3o Reembols\u00e1veis<\/strong><\/h5><p data-start=\"1875\" data-end=\"1931\">Os seguintes casos\u00a0<strong data-start=\"1894\" data-end=\"1915\">n\u00e3o s\u00e3o eleg\u00edveis<\/strong>\u00a0para reembolso:<\/p><ul data-start=\"1933\" data-end=\"2106\"><li data-start=\"1933\" data-end=\"1995\"><p data-start=\"1935\" data-end=\"1995\">Renova\u00e7\u00e3o de assinaturas ap\u00f3s o per\u00edodo inicial de 7 dias.<\/p><\/li><li data-start=\"1996\" data-end=\"2061\"><p data-start=\"1998\" data-end=\"2061\">Servi\u00e7os utilizados em viola\u00e7\u00e3o aos nossos termos de servi\u00e7o.<\/p><\/li><li data-start=\"2062\" data-end=\"2106\"><p data-start=\"2064\" data-end=\"2106\">Taxas \u00fanicas de ativa\u00e7\u00e3o (caso aplic\u00e1vel).<\/p><\/li><\/ul><hr data-start=\"2108\" data-end=\"2111\" \/><h5 data-start=\"2113\" data-end=\"2133\"><strong data-start=\"2117\" data-end=\"2133\">Fale Conosco<\/strong><\/h5><p data-start=\"2135\" data-end=\"2276\">Se tiver d\u00favidas ou preocupa\u00e7\u00f5es em rela\u00e7\u00e3o \u00e0 nossa pol\u00edtica de reembolso, entre em contato conosco pelo e-mail:\u00a0<strong data-start=\"2248\" data-end=\"2275\"><a class=\"cursor-pointer\" rel=\"noopener\" data-start=\"2250\" data-end=\"2273\">Contact.ipttv@gmail.com<\/a><\/strong>.<\/p><hr data-start=\"2278\" data-end=\"2281\" \/><p data-start=\"2283\" data-end=\"2497\">A\u00a0<strong data-start=\"2285\" data-end=\"2313\">Lista IPTV IPTV Portugal<\/strong>\u00a0reserva-se o direito de modificar esta pol\u00edtica de reembolso a qualquer momento. Recomendamos revisar esta pol\u00edtica periodicamente para se manter informado sobre poss\u00edveis altera\u00e7\u00f5es.<\/p><hr data-start=\"2499\" data-end=\"2502\" \/><p data-start=\"2504\" data-end=\"2643\"><strong data-start=\"2504\" data-end=\"2643\">Obrigado por escolher a Lista IPTV IPTV Portugal. Agradecemos a sua confian\u00e7a e faremos sempre o melhor para garantir a sua satisfa\u00e7\u00e3o.<\/strong><\/p>\t\t\t\t\t\t\t\t<\/div>\n\t\t\t\t\t<\/div>\n\t\t\t\t<\/div>\n\t\t<div class=\"elementor-element elementor-element-fd4d036 e-flex e-con-boxed e-con e-parent\" data-id=\"fd4d036\" data-element_type=\"container\" data-e-type=\"container\">\n\t\t\t\t\t<div class=\"e-con-inner\">\n\t\t\t\t<div class=\"elementor-element elementor-element-819588f elementor-widget elementor-widget-spacer\" data-id=\"819588f\" data-element_type=\"widget\" data-e-type=\"widget\" data-widget_type=\"spacer.default\">\n\t\t\t\t\t\t\t<div class=\"elementor-spacer\">\n\t\t\t<div class=\"elementor-spacer-inner\"><\/div>\n\t\t<\/div>\n\t\t\t\t\t\t<\/div>\n\t\t\t\t\t<\/div>\n\t\t\t\t<\/div>\n\t\t\t\t<\/div>","protected":false},"excerpt":{"rendered":"<p>Pol\u00edtica de Reembolso Pol\u00edtica de Reembolso IPTV Nossa Garantia de Reembolso de 7 Dias para Servi\u00e7os IPTV Na\u00a0Lista IPTV IPTV Portugal, estamos comprometidos em oferecer o melhor servi\u00e7o de IPTV e garantir a sua satisfa\u00e7\u00e3o. Se, por qualquer motivo, voc\u00ea n\u00e3o estiver completamente satisfeito com a sua assinatura IPTV, oferecemos uma\u00a0garantia de reembolso de 7 [&hellip;]<\/p>\n","protected":false},"author":1,"featured_media":0,"parent":0,"menu_order":0,"comment_status":"closed","ping_status":"closed","template":"","meta":{"nf_dc_page":"","om_disable_all_campaigns":false,"_monsterinsights_skip_tracking":false,"_monsterinsights_sitenote_active":false,"_monsterinsights_sitenote_note":"","_monsterinsights_sitenote_category":0,"site-sidebar-layout":"no-sidebar","site-content-layout":"page-builder","ast-site-content-layout":"full-width-container","site-content-style":"default","site-sidebar-style":"default","ast-global-header-display":"","ast-banner-title-visibility":"","ast-main-header-display":"","ast-hfb-above-header-display":"","ast-hfb-below-header-display":"","ast-hfb-mobile-header-display":"","site-post-title":"","ast-breadcrumbs-content":"","ast-featured-img":"disabled","footer-sml-layout":"","ast-disable-related-posts":"","theme-transparent-header-meta":"","adv-header-id-meta":"","stick-header-meta":"","header-above-stick-meta":"","header-main-stick-meta":"","header-below-stick-meta":"","astra-migrate-meta-layouts":"set","ast-page-background-enabled":"default","ast-page-background-meta":{"desktop":{"background-color":"","background-image":"","background-repeat":"repeat","background-position":"center center","background-size":"auto","background-attachment":"scroll","background-type":"","background-media":"","overlay-type":"","overlay-color":"","overlay-opacity":"","overlay-gradient":""},"tablet":{"background-color":"","background-image":"","background-repeat":"repeat","background-position":"center center","background-size":"auto","background-attachment":"scroll","background-type":"","background-media":"","overlay-type":"","overlay-color":"","overlay-opacity":"","overlay-gradient":""},"mobile":{"background-color":"","background-image":"","background-repeat":"repeat","background-position":"center center","background-size":"auto","background-attachment":"scroll","background-type":"","background-media":"","overlay-type":"","overlay-color":"","overlay-opacity":"","overlay-gradient":""}},"ast-content-background-meta":{"desktop":{"background-color":"var(--ast-global-color-5)","background-image":"","background-repeat":"repeat","background-position":"center center","background-size":"auto","background-attachment":"scroll","background-type":"","background-media":"","overlay-type":"","overlay-color":"","overlay-opacity":"","overlay-gradient":""},"tablet":{"background-color":"var(--ast-global-color-5)","background-image":"","background-repeat":"repeat","background-position":"center center","background-size":"auto","background-attachment":"scroll","background-type":"","background-media":"","overlay-type":"","overlay-color":"","overlay-opacity":"","overlay-gradient":""},"mobile":{"background-color":"var(--ast-global-color-5)","background-image":"","background-repeat":"repeat","background-position":"center center","background-size":"auto","background-attachment":"scroll","background-type":"","background-media":"","overlay-type":"","overlay-color":"","overlay-opacity":"","overlay-gradient":""}},"footnotes":""},"class_list":["post-1438","page","type-page","status-publish","hentry"],"jetpack_sharing_enabled":true,"_links":{"self":[{"href":"https:\/\/listaiptvportugal.shop\/en\/wp-json\/wp\/v2\/pages\/1438","targetHints":{"allow":["GET"]}}],"collection":[{"href":"https:\/\/listaiptvportugal.shop\/en\/wp-json\/wp\/v2\/pages"}],"about":[{"href":"https:\/\/listaiptvportugal.shop\/en\/wp-json\/wp\/v2\/types\/page"}],"author":[{"embeddable":true,"href":"https:\/\/listaiptvportugal.shop\/en\/wp-json\/wp\/v2\/users\/1"}],"replies":[{"embeddable":true,"href":"https:\/\/listaiptvportugal.shop\/en\/wp-json\/wp\/v2\/comments?post=1438"}],"version-history":[{"count":10,"href":"https:\/\/listaiptvportugal.shop\/en\/wp-json\/wp\/v2\/pages\/1438\/revisions"}],"predecessor-version":[{"id":1640,"href":"https:\/\/listaiptvportugal.shop\/en\/wp-json\/wp\/v2\/pages\/1438\/revisions\/1640"}],"wp:attachment":[{"href":"https:\/\/listaiptvportugal.shop\/en\/wp-json\/wp\/v2\/media?parent=1438"}],"curies":[{"name":"wp","href":"https:\/\/api.w.org\/{rel}","templated":true}]}}