{"id":1436,"date":"2025-08-03T14:32:38","date_gmt":"2025-08-03T14:32:38","guid":{"rendered":"https:\/\/alz.usd.mybluehost.me\/website_98bc84ac\/?page_id=1436"},"modified":"2025-08-16T01:17:43","modified_gmt":"2025-08-16T01:17:43","slug":"politica-de-privacidade","status":"publish","type":"page","link":"https:\/\/listaiptvportugal.shop\/en\/politica-de-privacidade\/","title":{"rendered":"Pol\u00edtica de Privacidade"},"content":{"rendered":"<div data-elementor-type=\"wp-page\" data-elementor-id=\"1436\" class=\"elementor elementor-1436\" data-elementor-post-type=\"page\">\n\t\t\t\t<div class=\"elementor-element elementor-element-a70bc85 e-flex e-con-boxed e-con e-parent\" data-id=\"a70bc85\" data-element_type=\"container\" data-e-type=\"container\" data-settings=\"{&quot;background_background&quot;:&quot;classic&quot;}\">\n\t\t\t\t\t<div class=\"e-con-inner\">\n\t\t\t\t<div class=\"elementor-element elementor-element-bdc08b4 elementor-widget elementor-widget-heading\" data-id=\"bdc08b4\" data-element_type=\"widget\" data-e-type=\"widget\" data-widget_type=\"heading.default\">\n\t\t\t\t\t<h2 class=\"elementor-heading-title elementor-size-default\">Pol\u00edtica de Privacidade\n<\/h2>\t\t\t\t<\/div>\n\t\t\t\t\t<\/div>\n\t\t\t\t<\/div>\n\t\t<div class=\"elementor-element elementor-element-3818347 e-flex e-con-boxed e-con e-parent\" data-id=\"3818347\" data-element_type=\"container\" data-e-type=\"container\">\n\t\t\t\t\t<div class=\"e-con-inner\">\n\t\t\t\t<div class=\"elementor-element elementor-element-6fc71fd elementor-widget elementor-widget-text-editor\" data-id=\"6fc71fd\" data-element_type=\"widget\" data-e-type=\"widget\" data-widget_type=\"text-editor.default\">\n\t\t\t\t\t\t\t\t\t<div class=\"elementor-element elementor-element-0d2acd7 e-flex e-con-boxed e-con e-parent e-lazyloaded\" data-id=\"0d2acd7\" data-element_type=\"container\"><div class=\"e-con-inner\"><div class=\"elementor-element elementor-element-c3f1fd8 elementor-widget elementor-widget-text-editor\" data-id=\"c3f1fd8\" data-element_type=\"widget\" data-widget_type=\"text-editor.default\"><div class=\"elementor-widget-container\"><h4 data-start=\"155\" data-end=\"186\"><strong data-start=\"159\" data-end=\"186\">Pol\u00edtica de Privacidade<\/strong><\/h4><p data-start=\"188\" data-end=\"429\">Esta Pol\u00edtica de Privacidade rege a forma como coletamos, usamos, mantemos e divulgamos informa\u00e7\u00f5es dos utilizadores do nosso servi\u00e7o de assinatura IPTV. Esta pol\u00edtica aplica-se ao servi\u00e7o e a todos os produtos e servi\u00e7os oferecidos por n\u00f3s.<\/p><hr data-start=\"431\" data-end=\"434\" \/><h5 data-start=\"436\" data-end=\"480\"><strong data-start=\"440\" data-end=\"480\">Informa\u00e7\u00f5es de Identifica\u00e7\u00e3o Pessoal<\/strong><\/h5><p data-start=\"482\" data-end=\"1248\">Podemos coletar informa\u00e7\u00f5es de identifica\u00e7\u00e3o pessoal dos utilizadores de v\u00e1rias formas, incluindo, entre outras, quando os utilizadores visitam o nosso site, se registam, fazem um pedido, assinam a nossa newsletter, preenchem um formul\u00e1rio ou participam de outras atividades, servi\u00e7os, recursos ou funcionalidades dispon\u00edveis no nosso site.<br data-start=\"822\" data-end=\"825\" \/>Os utilizadores podem ser solicitados, conforme apropriado, a fornecer: nome, endere\u00e7o de e-mail, endere\u00e7o postal, n\u00famero de telefone e informa\u00e7\u00f5es do cart\u00e3o de cr\u00e9dito.<br data-start=\"994\" data-end=\"997\" \/>Coletamos essas informa\u00e7\u00f5es apenas se forem fornecidas voluntariamente pelo utilizador. Os utilizadores podem recusar-se a fornecer informa\u00e7\u00f5es de identifica\u00e7\u00e3o pessoal, cientes de que isso pode limitar a sua participa\u00e7\u00e3o em certas atividades no site.<\/p><hr data-start=\"1250\" data-end=\"1253\" \/><h5 data-start=\"1255\" data-end=\"1303\"><strong data-start=\"1259\" data-end=\"1303\">Informa\u00e7\u00f5es de Identifica\u00e7\u00e3o N\u00e3o Pessoal<\/strong><\/h5><p data-start=\"1305\" data-end=\"1616\">Podemos coletar informa\u00e7\u00f5es de identifica\u00e7\u00e3o n\u00e3o pessoal sempre que os utilizadores interagirem com o nosso site. Essas informa\u00e7\u00f5es podem incluir o tipo de navegador, tipo de dispositivo, sistema operativo, fornecedor de internet e outros dados t\u00e9cnicos sobre a forma como o utilizador se conecta ao nosso site.<\/p><hr data-start=\"1618\" data-end=\"1621\" \/><h5 data-start=\"1623\" data-end=\"1651\"><strong data-start=\"1627\" data-end=\"1651\">Cookies do Navegador<\/strong><\/h5><p data-start=\"1653\" data-end=\"2063\">O nosso site pode usar \u201ccookies\u201d para melhorar a experi\u00eancia do utilizador. O navegador do utilizador armazena cookies no disco r\u00edgido com o objetivo de manter registros e, por vezes, rastrear informa\u00e7\u00f5es sobre ele.<br data-start=\"1868\" data-end=\"1871\" \/>O utilizador pode configurar o navegador para recusar cookies ou para alertar sempre que um cookie estiver a ser enviado. Se o fizer, algumas partes do site poder\u00e3o n\u00e3o funcionar corretamente.<\/p><hr data-start=\"2065\" data-end=\"2068\" \/><h5 data-start=\"2070\" data-end=\"2118\"><strong data-start=\"2074\" data-end=\"2118\">Como Utilizamos as Informa\u00e7\u00f5es Coletadas<\/strong><\/h5><p data-start=\"2120\" data-end=\"2205\">As informa\u00e7\u00f5es pessoais dos utilizadores podem ser utilizadas para os seguintes fins:<\/p><ul data-start=\"2207\" data-end=\"2332\"><li data-start=\"2207\" data-end=\"2231\"><p data-start=\"2209\" data-end=\"2231\">Processar pagamentos<\/p><\/li><li data-start=\"2232\" data-end=\"2261\"><p data-start=\"2234\" data-end=\"2261\">Enviar e-mails peri\u00f3dicos<\/p><\/li><li data-start=\"2262\" data-end=\"2306\"><p data-start=\"2264\" data-end=\"2306\">Personalizar a experi\u00eancia do utilizador<\/p><\/li><li data-start=\"2307\" data-end=\"2332\"><p data-start=\"2309\" data-end=\"2332\">Melhorar o nosso site<\/p><\/li><\/ul><hr data-start=\"2334\" data-end=\"2337\" \/><h5 data-start=\"2339\" data-end=\"2382\"><strong data-start=\"2343\" data-end=\"2382\">Como Protegemos as Suas Informa\u00e7\u00f5es<\/strong><\/h5><p data-start=\"2384\" data-end=\"2691\">Adotamos pr\u00e1ticas adequadas de coleta, armazenamento e processamento de dados, bem como medidas de seguran\u00e7a para proteger contra acesso n\u00e3o autorizado, altera\u00e7\u00e3o, divulga\u00e7\u00e3o ou destrui\u00e7\u00e3o das suas informa\u00e7\u00f5es pessoais, nome de utilizador, senha, dados de transa\u00e7\u00f5es e informa\u00e7\u00f5es armazenadas no nosso site.<\/p><hr data-start=\"2693\" data-end=\"2696\" \/><h5 data-start=\"2698\" data-end=\"2744\"><strong data-start=\"2702\" data-end=\"2744\">Partilha das Suas Informa\u00e7\u00f5es Pessoais<\/strong><\/h5><p data-start=\"2746\" data-end=\"3067\">N\u00e3o vendemos, trocamos ou alugamos informa\u00e7\u00f5es pessoais de identifica\u00e7\u00e3o dos utilizadores a terceiros. Podemos partilhar informa\u00e7\u00f5es demogr\u00e1ficas gen\u00e9ricas agregadas, n\u00e3o ligadas a nenhuma informa\u00e7\u00e3o de identifica\u00e7\u00e3o pessoal, com parceiros comerciais, afiliados de confian\u00e7a e anunciantes, para os fins mencionados acima.<\/p><hr data-start=\"3069\" data-end=\"3072\" \/><h5 data-start=\"3074\" data-end=\"3123\"><strong data-start=\"3078\" data-end=\"3123\">Altera\u00e7\u00f5es a Esta Pol\u00edtica de Privacidade<\/strong><\/h5><p data-start=\"3125\" data-end=\"3551\">Reservamo-nos o direito de atualizar esta pol\u00edtica de privacidade a qualquer momento. Quando o fizermos, atualizaremos a data de modifica\u00e7\u00e3o no final desta p\u00e1gina. Incentivamos os utilizadores a consultarem esta p\u00e1gina regularmente para se manterem informados sobre como estamos a proteger as informa\u00e7\u00f5es pessoais que recolhemos. O utilizador reconhece e concorda que \u00e9 sua responsabilidade rever esta pol\u00edtica periodicamente.<\/p><hr data-start=\"3553\" data-end=\"3556\" \/><h5 data-start=\"3558\" data-end=\"3586\"><strong data-start=\"3562\" data-end=\"3586\">Aceita\u00e7\u00e3o dos Termos<\/strong><\/h5><p data-start=\"3588\" data-end=\"3869\">Ao utilizar o nosso servi\u00e7o IPTV, o utilizador indica que concorda com esta pol\u00edtica. Se n\u00e3o concordar, por favor n\u00e3o utilize o nosso servi\u00e7o. O uso continuado do servi\u00e7o IPTV ap\u00f3s a publica\u00e7\u00e3o de altera\u00e7\u00f5es a esta pol\u00edtica ser\u00e1 considerado como aceita\u00e7\u00e3o das referidas altera\u00e7\u00f5es.<\/p><\/div><\/div><\/div><\/div><div class=\"elementor-element elementor-element-8cefca8 e-flex e-con-boxed e-con e-parent e-lazyloaded\" data-id=\"8cefca8\" data-element_type=\"container\"><div class=\"e-con-inner\"><div class=\"elementor-element elementor-element-41de62b elementor-widget elementor-widget-spacer\" data-id=\"41de62b\" data-element_type=\"widget\" data-widget_type=\"spacer.default\"><div class=\"elementor-widget-container\"><div class=\"elementor-spacer\">\u00a0<\/div><\/div><\/div><\/div><\/div>\t\t\t\t\t\t\t\t<\/div>\n\t\t\t\t\t<\/div>\n\t\t\t\t<\/div>\n\t\t<div class=\"elementor-element elementor-element-afe8b8a e-flex e-con-boxed e-con e-parent\" data-id=\"afe8b8a\" data-element_type=\"container\" data-e-type=\"container\">\n\t\t\t\t\t<div class=\"e-con-inner\">\n\t\t\t\t<div class=\"elementor-element elementor-element-772a99c elementor-widget elementor-widget-spacer\" data-id=\"772a99c\" data-element_type=\"widget\" data-e-type=\"widget\" data-widget_type=\"spacer.default\">\n\t\t\t\t\t\t\t<div class=\"elementor-spacer\">\n\t\t\t<div class=\"elementor-spacer-inner\"><\/div>\n\t\t<\/div>\n\t\t\t\t\t\t<\/div>\n\t\t\t\t\t<\/div>\n\t\t\t\t<\/div>\n\t\t\t\t<\/div>","protected":false},"excerpt":{"rendered":"<p>Pol\u00edtica de Privacidade Pol\u00edtica de Privacidade Esta Pol\u00edtica de Privacidade rege a forma como coletamos, usamos, mantemos e divulgamos informa\u00e7\u00f5es dos utilizadores do nosso servi\u00e7o de assinatura IPTV. Esta pol\u00edtica aplica-se ao servi\u00e7o e a todos os produtos e servi\u00e7os oferecidos por n\u00f3s. Informa\u00e7\u00f5es de Identifica\u00e7\u00e3o Pessoal Podemos coletar informa\u00e7\u00f5es de identifica\u00e7\u00e3o pessoal dos utilizadores [&hellip;]<\/p>\n","protected":false},"author":1,"featured_media":0,"parent":0,"menu_order":0,"comment_status":"closed","ping_status":"closed","template":"","meta":{"nf_dc_page":"","om_disable_all_campaigns":false,"_monsterinsights_skip_tracking":false,"_monsterinsights_sitenote_active":false,"_monsterinsights_sitenote_note":"","_monsterinsights_sitenote_category":0,"site-sidebar-layout":"no-sidebar","site-content-layout":"page-builder","ast-site-content-layout":"full-width-container","site-content-style":"default","site-sidebar-style":"default","ast-global-header-display":"","ast-banner-title-visibility":"","ast-main-header-display":"","ast-hfb-above-header-display":"","ast-hfb-below-header-display":"","ast-hfb-mobile-header-display":"","site-post-title":"disabled","ast-breadcrumbs-content":"","ast-featured-img":"disabled","footer-sml-layout":"","ast-disable-related-posts":"","theme-transparent-header-meta":"","adv-header-id-meta":"","stick-header-meta":"","header-above-stick-meta":"","header-main-stick-meta":"","header-below-stick-meta":"","astra-migrate-meta-layouts":"set","ast-page-background-enabled":"default","ast-page-background-meta":{"desktop":{"background-color":"","background-image":"","background-repeat":"repeat","background-position":"center center","background-size":"auto","background-attachment":"scroll","background-type":"","background-media":"","overlay-type":"","overlay-color":"","overlay-opacity":"","overlay-gradient":""},"tablet":{"background-color":"","background-image":"","background-repeat":"repeat","background-position":"center center","background-size":"auto","background-attachment":"scroll","background-type":"","background-media":"","overlay-type":"","overlay-color":"","overlay-opacity":"","overlay-gradient":""},"mobile":{"background-color":"","background-image":"","background-repeat":"repeat","background-position":"center center","background-size":"auto","background-attachment":"scroll","background-type":"","background-media":"","overlay-type":"","overlay-color":"","overlay-opacity":"","overlay-gradient":""}},"ast-content-background-meta":{"desktop":{"background-color":"var(--ast-global-color-5)","background-image":"","background-repeat":"repeat","background-position":"center center","background-size":"auto","background-attachment":"scroll","background-type":"","background-media":"","overlay-type":"","overlay-color":"","overlay-opacity":"","overlay-gradient":""},"tablet":{"background-color":"var(--ast-global-color-5)","background-image":"","background-repeat":"repeat","background-position":"center center","background-size":"auto","background-attachment":"scroll","background-type":"","background-media":"","overlay-type":"","overlay-color":"","overlay-opacity":"","overlay-gradient":""},"mobile":{"background-color":"var(--ast-global-color-5)","background-image":"","background-repeat":"repeat","background-position":"center center","background-size":"auto","background-attachment":"scroll","background-type":"","background-media":"","overlay-type":"","overlay-color":"","overlay-opacity":"","overlay-gradient":""}},"footnotes":""},"class_list":["post-1436","page","type-page","status-publish","hentry"],"jetpack_sharing_enabled":true,"_links":{"self":[{"href":"https:\/\/listaiptvportugal.shop\/en\/wp-json\/wp\/v2\/pages\/1436","targetHints":{"allow":["GET"]}}],"collection":[{"href":"https:\/\/listaiptvportugal.shop\/en\/wp-json\/wp\/v2\/pages"}],"about":[{"href":"https:\/\/listaiptvportugal.shop\/en\/wp-json\/wp\/v2\/types\/page"}],"author":[{"embeddable":true,"href":"https:\/\/listaiptvportugal.shop\/en\/wp-json\/wp\/v2\/users\/1"}],"replies":[{"embeddable":true,"href":"https:\/\/listaiptvportugal.shop\/en\/wp-json\/wp\/v2\/comments?post=1436"}],"version-history":[{"count":4,"href":"https:\/\/listaiptvportugal.shop\/en\/wp-json\/wp\/v2\/pages\/1436\/revisions"}],"predecessor-version":[{"id":1508,"href":"https:\/\/listaiptvportugal.shop\/en\/wp-json\/wp\/v2\/pages\/1436\/revisions\/1508"}],"wp:attachment":[{"href":"https:\/\/listaiptvportugal.shop\/en\/wp-json\/wp\/v2\/media?parent=1436"}],"curies":[{"name":"wp","href":"https:\/\/api.w.org\/{rel}","templated":true}]}}