{"id":1429,"date":"2025-08-03T14:28:38","date_gmt":"2025-08-03T14:28:38","guid":{"rendered":"https:\/\/alz.usd.mybluehost.me\/website_98bc84ac\/?page_id=1429"},"modified":"2025-08-29T13:38:06","modified_gmt":"2025-08-29T13:38:06","slug":"melhor-iptv-portugal-tuga","status":"publish","type":"page","link":"https:\/\/listaiptvportugal.shop\/en\/melhor-iptv-portugal-tuga\/","title":{"rendered":"Lista de Canais"},"content":{"rendered":"<div data-elementor-type=\"wp-page\" data-elementor-id=\"1429\" class=\"elementor elementor-1429\" data-elementor-post-type=\"page\">\n\t\t\t\t<div class=\"elementor-element elementor-element-f85fd23 e-flex e-con-boxed e-con e-parent\" data-id=\"f85fd23\" data-element_type=\"container\" data-e-type=\"container\" data-settings=\"{&quot;background_background&quot;:&quot;classic&quot;}\">\n\t\t\t\t\t<div class=\"e-con-inner\">\n\t\t\t\t<div class=\"elementor-element elementor-element-deca105 elementor-widget elementor-widget-heading\" data-id=\"deca105\" data-element_type=\"widget\" data-e-type=\"widget\" data-widget_type=\"heading.default\">\n\t\t\t\t\t<h1 class=\"elementor-heading-title elementor-size-default\">Lista de Canais IPTV Tuga \u2014 melhor IPTV Portugal\n<\/h1>\t\t\t\t<\/div>\n\t\t\t\t\t<\/div>\n\t\t\t\t<\/div>\n\t\t<div class=\"elementor-element elementor-element-18d64d4 e-flex e-con-boxed e-con e-parent\" data-id=\"18d64d4\" data-element_type=\"container\" data-e-type=\"container\">\n\t\t\t\t\t<div class=\"e-con-inner\">\n\t\t<div class=\"elementor-element elementor-element-c701b28 e-con-full e-flex e-con e-child\" data-id=\"c701b28\" data-element_type=\"container\" data-e-type=\"container\">\n\t\t\t\t<div class=\"elementor-element elementor-element-74a33de elementor-widget elementor-widget-heading\" data-id=\"74a33de\" data-element_type=\"widget\" data-e-type=\"widget\" data-widget_type=\"heading.default\">\n\t\t\t\t\t<h2 class=\"elementor-heading-title elementor-size-default\">Veja os principais canais portugueses (RTP, SIC, TVI) com EPG e lista M3U, em HD\/FHD e, quando dispon\u00edvel, IPTV 4K. Ideal para Smart TV (Samsung\/LG), Android TV, Fire TV e Apple TV\n<\/h2>\t\t\t\t<\/div>\n\t\t\t\t<\/div>\n\t\t<div class=\"elementor-element elementor-element-6cee32e e-con-full e-flex e-con e-child\" data-id=\"6cee32e\" data-element_type=\"container\" data-e-type=\"container\">\n\t\t\t\t<div class=\"elementor-element elementor-element-82a4c17 elementor-widget elementor-widget-text-editor\" data-id=\"82a4c17\" data-element_type=\"widget\" data-e-type=\"widget\" data-widget_type=\"text-editor.default\">\n\t\t\t\t\t\t\t\t\t<p>Desfrute de transmiss\u00f5es cont\u00ednuas e sem interrup\u00e7\u00f5es com a\u00a0<a href=\"https:\/\/listaiptvportugal.shop\/en\/iptv-portugal-2025-lista-iptv\/\"><strong data-start=\"431\" data-end=\"459\">Lista IPTV\u00a0 Portugal<\/strong><\/a>. Tenha acesso a entretenimento ilimitado e qualidade de imagem superior \u2014 tudo num s\u00f3 lugar.<\/p>\t\t\t\t\t\t\t\t<\/div>\n\t\t\t\t<\/div>\n\t\t\t\t\t<\/div>\n\t\t\t\t<\/div>\n\t\t<div class=\"elementor-element elementor-element-1d5f724 e-flex e-con-boxed e-con e-parent\" data-id=\"1d5f724\" data-element_type=\"container\" data-e-type=\"container\">\n\t\t\t\t\t<div class=\"e-con-inner\">\n\t\t\t\t<div class=\"elementor-element elementor-element-15c4263 elementor-widget elementor-widget-image-carousel\" data-id=\"15c4263\" data-element_type=\"widget\" data-e-type=\"widget\" data-settings=\"{&quot;navigation&quot;:&quot;none&quot;,&quot;autoplay_speed&quot;:2000,&quot;autoplay&quot;:&quot;yes&quot;,&quot;infinite&quot;:&quot;yes&quot;,&quot;speed&quot;:500}\" data-widget_type=\"image-carousel.default\">\n\t\t\t\t\t\t\t<div class=\"elementor-image-carousel-wrapper swiper\" role=\"region\" aria-roledescription=\"carousel\" aria-label=\"Image Carousel\" dir=\"ltr\">\n\t\t\t<div class=\"elementor-image-carousel swiper-wrapper\" aria-live=\"off\">\n\t\t\t\t\t\t\t\t<div class=\"swiper-slide\" role=\"group\" aria-roledescription=\"slide\" aria-label=\"1 of 4\"><figure class=\"swiper-slide-inner\"><img decoding=\"async\" loading=\"lazy\" class=\"swiper-slide-image\" src=\"https:\/\/i0.wp.com\/listaiptvportugal.shop\/wp-content\/uploads\/2025\/08\/MV5BYmM2NjI4ZGItMGQ0OS00OTkyLTlkZDUtMDA5YmZlN2RiNTgzXkEyXkFqcGc%40._V1_-1.webp?fit=195%2C300&amp;ssl=1\" alt=\"MV5BYmM2NjI4ZGItMGQ0OS00OTkyLTlkZDUtMDA5YmZlN2RiNTgzXkEyXkFqcGc@._V1_ (1)\" \/><\/figure><\/div><div class=\"swiper-slide\" role=\"group\" aria-roledescription=\"slide\" aria-label=\"2 of 4\"><figure class=\"swiper-slide-inner\"><img decoding=\"async\" loading=\"lazy\" class=\"swiper-slide-image\" src=\"https:\/\/i0.wp.com\/listaiptvportugal.shop\/wp-content\/uploads\/2025\/08\/30884-portugal-sa-0-230-0-345-crop.webp?fit=200%2C300&amp;ssl=1\" alt=\"30884-portugal-sa-0-230-0-345-crop\" \/><\/figure><\/div><div class=\"swiper-slide\" role=\"group\" aria-roledescription=\"slide\" aria-label=\"3 of 4\"><figure class=\"swiper-slide-inner\"><img decoding=\"async\" loading=\"lazy\" class=\"swiper-slide-image\" src=\"https:\/\/i0.wp.com\/listaiptvportugal.shop\/wp-content\/uploads\/2025\/08\/MV5BMTI0NzllMzktZTk1NC00NDY5LWE4ODMtYjhjNTNmNzYzZjdhXkEyXkFqcGc%40._V1_.webp?fit=204%2C300&amp;ssl=1\" alt=\"MV5BMTI0NzllMzktZTk1NC00NDY5LWE4ODMtYjhjNTNmNzYzZjdhXkEyXkFqcGc@._V1_\" \/><\/figure><\/div><div class=\"swiper-slide\" role=\"group\" aria-roledescription=\"slide\" aria-label=\"4 of 4\"><figure class=\"swiper-slide-inner\"><img decoding=\"async\" loading=\"lazy\" class=\"swiper-slide-image\" src=\"https:\/\/i0.wp.com\/listaiptvportugal.shop\/wp-content\/uploads\/2025\/08\/MV5BYmM2NjI4ZGItMGQ0OS00OTkyLTlkZDUtMDA5YmZlN2RiNTgzXkEyXkFqcGc%40._V1_.webp?fit=195%2C300&amp;ssl=1\" alt=\"MV5BYmM2NjI4ZGItMGQ0OS00OTkyLTlkZDUtMDA5YmZlN2RiNTgzXkEyXkFqcGc@._V1_\" \/><\/figure><\/div>\t\t\t<\/div>\n\t\t\t\t\t\t\t\n\t\t\t\t\t\t\t\t\t<\/div>\n\t\t\t\t\t\t<\/div>\n\t\t\t\t\t<\/div>\n\t\t\t\t<\/div>\n\t\t<div class=\"elementor-element elementor-element-459c37d e-flex e-con-boxed e-con e-parent\" data-id=\"459c37d\" data-element_type=\"container\" data-e-type=\"container\">\n\t\t\t\t\t<div class=\"e-con-inner\">\n\t\t\t\t<div class=\"elementor-element elementor-element-d4f1371 elementor-widget elementor-widget-heading\" data-id=\"d4f1371\" data-element_type=\"widget\" data-e-type=\"widget\" data-widget_type=\"heading.default\">\n\t\t\t\t\t<h2 class=\"elementor-heading-title elementor-size-default\">Obtenha um desconto de -40% na sua assinatura de Melhor IPTV Portugal<\/h2>\t\t\t\t<\/div>\n\t\t\t\t\t<\/div>\n\t\t\t\t<\/div>\n\t\t<div class=\"elementor-element elementor-element-589d3df e-flex e-con-boxed e-con e-parent\" data-id=\"589d3df\" data-element_type=\"container\" data-e-type=\"container\">\n\t\t\t\t\t<div class=\"e-con-inner\">\n\t\t\t\t<div class=\"elementor-element elementor-element-c6d4e57 elementor-widget elementor-widget-text-editor\" data-id=\"c6d4e57\" data-element_type=\"widget\" data-e-type=\"widget\" data-widget_type=\"text-editor.default\">\n\t\t\t\t\t\t\t\t\t<p>Antes de subscrever, experimenta o <a href=\"https:\/\/wa.link\/50zbni\" target=\"_blank\" rel=\"noopener\">teste IPTV<\/a> \u2014 \u00e9 a forma correta de avaliar estabilidade, EPG e M3U praticamente IPTV quase de borla. ativa\u00e7\u00e3o em minutos e suporte em portugu\u00eas. Se procuras IPTV Tuga confi\u00e1vel, esta \u00e9 a melhor forma de decidir o melhor IPTV Portugal para ti.<\/p>\t\t\t\t\t\t\t\t<\/div>\n\t\t\t\t\t<\/div>\n\t\t\t\t<\/div>\n\t\t<div class=\"elementor-element elementor-element-39c4b6f e-flex e-con-boxed e-con e-parent\" data-id=\"39c4b6f\" data-element_type=\"container\" data-e-type=\"container\">\n\t\t\t\t\t<div class=\"e-con-inner\">\n\t\t\t\t<div class=\"elementor-element elementor-element-21b9489 elementor-widget elementor-widget-spacer\" data-id=\"21b9489\" data-element_type=\"widget\" data-e-type=\"widget\" data-widget_type=\"spacer.default\">\n\t\t\t\t\t\t\t<div class=\"elementor-spacer\">\n\t\t\t<div class=\"elementor-spacer-inner\"><\/div>\n\t\t<\/div>\n\t\t\t\t\t\t<\/div>\n\t\t\t\t\t<\/div>\n\t\t\t\t<\/div>\n\t\t\t\t<\/div>","protected":false},"excerpt":{"rendered":"<p>Lista de Canais IPTV Tuga \u2014 melhor IPTV Portugal Veja os principais canais portugueses (RTP, SIC, TVI) com EPG e lista M3U, em HD\/FHD e, quando dispon\u00edvel, IPTV 4K. Ideal para Smart TV (Samsung\/LG), Android TV, Fire TV e Apple TV Desfrute de transmiss\u00f5es cont\u00ednuas e sem interrup\u00e7\u00f5es com a\u00a0Lista IPTV\u00a0 Portugal. Tenha acesso a [&hellip;]<\/p>\n","protected":false},"author":1,"featured_media":0,"parent":0,"menu_order":0,"comment_status":"closed","ping_status":"closed","template":"","meta":{"nf_dc_page":"","om_disable_all_campaigns":false,"_monsterinsights_skip_tracking":false,"_monsterinsights_sitenote_active":false,"_monsterinsights_sitenote_note":"","_monsterinsights_sitenote_category":0,"site-sidebar-layout":"no-sidebar","site-content-layout":"page-builder","ast-site-content-layout":"full-width-container","site-content-style":"default","site-sidebar-style":"default","ast-global-header-display":"","ast-banner-title-visibility":"","ast-main-header-display":"","ast-hfb-above-header-display":"","ast-hfb-below-header-display":"","ast-hfb-mobile-header-display":"","site-post-title":"","ast-breadcrumbs-content":"","ast-featured-img":"disabled","footer-sml-layout":"","ast-disable-related-posts":"","theme-transparent-header-meta":"","adv-header-id-meta":"","stick-header-meta":"","header-above-stick-meta":"","header-main-stick-meta":"","header-below-stick-meta":"","astra-migrate-meta-layouts":"set","ast-page-background-enabled":"default","ast-page-background-meta":{"desktop":{"background-color":"","background-image":"","background-repeat":"repeat","background-position":"center center","background-size":"auto","background-attachment":"scroll","background-type":"","background-media":"","overlay-type":"","overlay-color":"","overlay-opacity":"","overlay-gradient":""},"tablet":{"background-color":"","background-image":"","background-repeat":"repeat","background-position":"center center","background-size":"auto","background-attachment":"scroll","background-type":"","background-media":"","overlay-type":"","overlay-color":"","overlay-opacity":"","overlay-gradient":""},"mobile":{"background-color":"","background-image":"","background-repeat":"repeat","background-position":"center center","background-size":"auto","background-attachment":"scroll","background-type":"","background-media":"","overlay-type":"","overlay-color":"","overlay-opacity":"","overlay-gradient":""}},"ast-content-background-meta":{"desktop":{"background-color":"var(--ast-global-color-5)","background-image":"","background-repeat":"repeat","background-position":"center center","background-size":"auto","background-attachment":"scroll","background-type":"","background-media":"","overlay-type":"","overlay-color":"","overlay-opacity":"","overlay-gradient":""},"tablet":{"background-color":"var(--ast-global-color-5)","background-image":"","background-repeat":"repeat","background-position":"center center","background-size":"auto","background-attachment":"scroll","background-type":"","background-media":"","overlay-type":"","overlay-color":"","overlay-opacity":"","overlay-gradient":""},"mobile":{"background-color":"var(--ast-global-color-5)","background-image":"","background-repeat":"repeat","background-position":"center center","background-size":"auto","background-attachment":"scroll","background-type":"","background-media":"","overlay-type":"","overlay-color":"","overlay-opacity":"","overlay-gradient":""}},"footnotes":""},"class_list":["post-1429","page","type-page","status-publish","hentry"],"jetpack_sharing_enabled":true,"_links":{"self":[{"href":"https:\/\/listaiptvportugal.shop\/en\/wp-json\/wp\/v2\/pages\/1429","targetHints":{"allow":["GET"]}}],"collection":[{"href":"https:\/\/listaiptvportugal.shop\/en\/wp-json\/wp\/v2\/pages"}],"about":[{"href":"https:\/\/listaiptvportugal.shop\/en\/wp-json\/wp\/v2\/types\/page"}],"author":[{"embeddable":true,"href":"https:\/\/listaiptvportugal.shop\/en\/wp-json\/wp\/v2\/users\/1"}],"replies":[{"embeddable":true,"href":"https:\/\/listaiptvportugal.shop\/en\/wp-json\/wp\/v2\/comments?post=1429"}],"version-history":[{"count":21,"href":"https:\/\/listaiptvportugal.shop\/en\/wp-json\/wp\/v2\/pages\/1429\/revisions"}],"predecessor-version":[{"id":1873,"href":"https:\/\/listaiptvportugal.shop\/en\/wp-json\/wp\/v2\/pages\/1429\/revisions\/1873"}],"wp:attachment":[{"href":"https:\/\/listaiptvportugal.shop\/en\/wp-json\/wp\/v2\/media?parent=1429"}],"curies":[{"name":"wp","href":"https:\/\/api.w.org\/{rel}","templated":true}]}}